{"id":7,"date":"2022-01-17T18:53:05","date_gmt":"2022-01-17T18:53:05","guid":{"rendered":"http:\/\/domiolo.com\/kitdigital\/?page_id=7"},"modified":"2023-10-16T16:43:44","modified_gmt":"2023-10-16T16:43:44","slug":"kitdigital","status":"publish","type":"page","link":"https:\/\/domiolo.com\/kitdigital\/","title":{"rendered":"Kit Digital para empresas"},"content":{"rendered":"\n<div class=\"wp-block-group alignwide\"><div class=\"wp-block-group__inner-container\">\n<h2 class=\"has-text-align-left\">Ayudas Econ\u00f3micas para la Transformaci\u00f3n Digital<\/h2>\n<\/div><\/div>\n\n\n\n<div class=\"wp-block-columns alignwide\">\n<div class=\"wp-block-column\">\n<figure class=\"wp-block-image alignfull size-large\"><img loading=\"lazy\" width=\"467\" height=\"130\" src=\"http:\/\/domiolo.com\/kitdigital\/wp-content\/uploads\/2022\/01\/Logo-Kit-Digital.jpg\" alt=\"\" class=\"wp-image-43\" srcset=\"https:\/\/domiolo.com\/kitdigital\/wp-content\/uploads\/2022\/01\/Logo-Kit-Digital.jpg 467w, https:\/\/domiolo.com\/kitdigital\/wp-content\/uploads\/2022\/01\/Logo-Kit-Digital-300x84.jpg 300w\" sizes=\"(max-width: 467px) 100vw, 467px\" \/><\/figure>\n\n\n\n<div class=\"wp-block-group\"><div class=\"wp-block-group__inner-container\">\n<h3>\u00bfC\u00f3mo?<\/h3>\n<\/div><\/div>\n\n\n\n<div class=\"wp-block-group\"><div class=\"wp-block-group__inner-container\">\n<blockquote class=\"wp-block-quote is-style-large\"><p>Con ayudas econ\u00f3micas (bono digital) que permiten acceder a un gran cat\u00e1logo de soluciones digitales y a agentes digitalizadores que ofrecen estos servicios.<\/p><\/blockquote>\n<\/div><\/div>\n\n\n\n<h3>Tu Empresa puede ser una de ellas<\/h3>\n\n\n\n<figure class=\"wp-block-image alignfull size-large\"><img loading=\"lazy\" width=\"1024\" height=\"508\" src=\"https:\/\/domiolo.com\/kitdigital\/wp-content\/uploads\/2022\/01\/Tu-eliges-Kit-Digital-1024x508.jpg\" alt=\"\" class=\"wp-image-87\" srcset=\"https:\/\/domiolo.com\/kitdigital\/wp-content\/uploads\/2022\/01\/Tu-eliges-Kit-Digital-1024x508.jpg 1024w, https:\/\/domiolo.com\/kitdigital\/wp-content\/uploads\/2022\/01\/Tu-eliges-Kit-Digital-300x149.jpg 300w, https:\/\/domiolo.com\/kitdigital\/wp-content\/uploads\/2022\/01\/Tu-eliges-Kit-Digital-768x381.jpg 768w, https:\/\/domiolo.com\/kitdigital\/wp-content\/uploads\/2022\/01\/Tu-eliges-Kit-Digital.jpg 1182w\" sizes=\"(max-width: 1024px) 100vw, 1024px\" \/><\/figure>\n\n\n\n<blockquote class=\"wp-block-quote is-style-large\"><p>M\u00c1S INFORMACI\u00d3N EN&nbsp;<a href=\"https:\/\/www.acelerapyme.es\/\">WWW.ACELERAPYME.ES<\/a>&nbsp;O EN EL TEL\u00c9FONO 900 909 001.<\/p><\/blockquote>\n<\/div>\n\n\n\n<div class=\"wp-block-column\">\n<div class=\"wp-block-group\"><div class=\"wp-block-group__inner-container\">\n<blockquote class=\"wp-block-quote is-style-large\"><p>Un programa del Ministerio de Asuntos Econ\u00f3micos y&nbsp;Transformaci\u00f3n Digital dirigido a pymes y aut\u00f3nomos de Espa\u00f1a, que les acompa\u00f1a en su proceso de transformaci\u00f3n digital,  gracias a los Fondos europeos \u201cNext Generation EU\u201d dentro del Plan de Recuperaci\u00f3n.<\/p><p>Transformaci\u00f3n y Resiliencia para que, gracias a la tecnolog\u00eda, puedan evolucionar y mejorar los negocios.<\/p><\/blockquote>\n\n\n\n<figure class=\"wp-block-image alignfull size-large\"><img loading=\"lazy\" width=\"866\" height=\"187\" src=\"http:\/\/domiolo.com\/kitdigital\/wp-content\/uploads\/2022\/01\/Eslogan-Kit-Digital-1.jpg\" alt=\"\" class=\"wp-image-42\" srcset=\"https:\/\/domiolo.com\/kitdigital\/wp-content\/uploads\/2022\/01\/Eslogan-Kit-Digital-1.jpg 866w, https:\/\/domiolo.com\/kitdigital\/wp-content\/uploads\/2022\/01\/Eslogan-Kit-Digital-1-300x65.jpg 300w, https:\/\/domiolo.com\/kitdigital\/wp-content\/uploads\/2022\/01\/Eslogan-Kit-Digital-1-768x166.jpg 768w\" sizes=\"(max-width: 866px) 100vw, 866px\" \/><\/figure>\n<\/div><\/div>\n\n\n\n<p><\/p>\n<\/div>\n<\/div>\n\n\n\n<hr class=\"wp-block-separator alignfull is-style-default\"\/>\n\n\n\n<h2 class=\"has-text-align-center\">SERVICIOS<\/h2>\n\n\n\n<div class=\"wp-block-columns alignwide\">\n<div class=\"wp-block-column\">\n<figure class=\"wp-block-image\"><img loading=\"lazy\" width=\"174\" height=\"235\" src=\"https:\/\/domiolo.com\/kitdigital\/wp-content\/uploads\/2022\/01\/Servicios-Kit-Digital-Sitio-Web-Presencia-en-Internet.jpg\" alt=\"\" class=\"wp-image-68\"\/><\/figure>\n\n\n\n<div class=\"wp-block-group\"><div class=\"wp-block-group__inner-container\">\n<h5 class=\"has-normal-font-size\">Dise\u00f1o y desarrollo de sitios web: Desde 1.500 \u20ac hasta 3.000 \u20ac para un sitio web est\u00e1ndar *. <\/h5>\n\n\n\n<h2 style=\"font-size:16px\">P\u00e1ginas web de empresas y organizaciones para promoci\u00f3n y comunicaci\u00f3n de la propia compa\u00f1\u00eda, sus productos y servicios.<\/h2>\n\n\n\n<h5 class=\"has-normal-font-size\">Presencia en Internet: Desde 2.400 \u20ac al a\u00f1o *.<\/h5>\n\n\n\n<h2 style=\"font-size:16px\">Preparaci\u00f3n para posicionamiento de empresas, organizaciones o marcas, con sus productos o servicios correspondientes. Alta y perfil en directorios, redes, foros, portales, plataformas, etc..<\/h2>\n<\/div><\/div>\n\n\n\n<div style=\"height:10px\" aria-hidden=\"true\" class=\"wp-block-spacer\"><\/div>\n\n\n\n<figure class=\"wp-block-image size-full is-resized\"><img src=\"https:\/\/domiolo.com\/kitdigital\/wp-content\/uploads\/2022\/09\/Servicios-Kit-Digital-Presencia-Avanzada-Internet.jpg\" alt=\"\" class=\"wp-image-123\" width=\"136\"\/><\/figure>\n\n\n\n<h5 class=\"has-normal-font-size\">Presencia avanzada en Internet: Desde 2.400 \u20ac al a\u00f1o *.<\/h5>\n\n\n\n<h2 style=\"font-size:16px\">Incorporaci\u00f3n regular de funcionalidades y\/o servicios que mejoren el posicionamiento en Internet, aumentando el tr\u00e1fico de visitas y por tanto los contactos comerciales o de posibles clientes.<\/h2>\n<\/div>\n\n\n\n<div class=\"wp-block-column\">\n<div class=\"wp-block-group\"><div class=\"wp-block-group__inner-container\">\n<figure class=\"wp-block-image\"><img loading=\"lazy\" width=\"132\" height=\"232\" src=\"https:\/\/domiolo.com\/kitdigital\/wp-content\/uploads\/2022\/01\/Servicios-Kit-Digital-Gestion-Redes-Sociales.jpg\" alt=\"\" class=\"wp-image-69\"\/><\/figure>\n\n\n\n<h5 class=\"has-normal-font-size\">Gesti\u00f3n y comunicaci\u00f3n en redes sociales: Desde 2.400 \u20ac hasta 6.000 \u20ac al a\u00f1o *.<\/h5>\n\n\n\n<h2 style=\"font-size:16px\">Promoci\u00f3n y comunicaci\u00f3n de empresas, organizaciones y marcas en redes sociales seleccionadas para clientes, prescriptores, promotores, colaboradores y el p\u00fablico.<\/h2>\n\n\n\n<div style=\"height:100px\" aria-hidden=\"true\" class=\"wp-block-spacer\"><\/div>\n\n\n\n<div style=\"height:50px\" aria-hidden=\"true\" class=\"wp-block-spacer\"><\/div>\n\n\n\n<figure class=\"wp-block-image size-full\"><img loading=\"lazy\" width=\"186\" height=\"210\" src=\"https:\/\/domiolo.com\/kitdigital\/wp-content\/uploads\/2022\/09\/Servicios-Kit-Digital-Comercio-Electronico.jpg\" alt=\"\" class=\"wp-image-121\"\/><\/figure>\n<\/div><\/div>\n\n\n\n<h5 class=\"has-normal-font-size\">Comercio electr\u00f3nico: Desde 2.500 \u20ac *.<\/h5>\n\n\n\n<h2 style=\"font-size:16px\">Sitio web de compraventa de productos y\/o servicios, que utilice medios digitales para su comercializaci\u00f3n.<\/h2>\n<\/div>\n\n\n\n<div class=\"wp-block-column\">\n<div class=\"wp-block-group\"><div class=\"wp-block-group__inner-container\">\n<figure class=\"wp-block-image size-full\"><img loading=\"lazy\" width=\"186\" height=\"237\" src=\"https:\/\/domiolo.com\/kitdigital\/wp-content\/uploads\/2022\/01\/Servicios-Kit-Digital-Inteligencia-Empresarial-Analitica.jpg\" alt=\"\" class=\"wp-image-73\"\/><\/figure>\n\n\n\n<h5 class=\"has-normal-font-size\">Anal\u00edtica digital para la empresa: Desde 5.400 \u20ac al a\u00f1o *.<\/h5>\n<\/div><\/div>\n\n\n\n<h2 style=\"font-size:16px\">An\u00e1lisis de presencia en Internet para obtener informaci\u00f3n y conclusiones de marketing digital, con herramientas tecnol\u00f3gicas avanzadas, para empresas, organizaciones y marcas.<\/h2>\n\n\n\n<p><\/p>\n<\/div>\n<\/div>\n\n\n\n<hr class=\"wp-block-separator\"\/>\n\n\n\n<figure class=\"wp-block-image alignwide size-large\"><img loading=\"lazy\" width=\"1024\" height=\"220\" src=\"https:\/\/domiolo.com\/kitdigital\/wp-content\/uploads\/2022\/01\/Ahorra-tiempo-costes-Kit-Digital-1024x220.jpg\" alt=\"\" class=\"wp-image-88\" srcset=\"https:\/\/domiolo.com\/kitdigital\/wp-content\/uploads\/2022\/01\/Ahorra-tiempo-costes-Kit-Digital-1024x220.jpg 1024w, https:\/\/domiolo.com\/kitdigital\/wp-content\/uploads\/2022\/01\/Ahorra-tiempo-costes-Kit-Digital-300x64.jpg 300w, https:\/\/domiolo.com\/kitdigital\/wp-content\/uploads\/2022\/01\/Ahorra-tiempo-costes-Kit-Digital-768x165.jpg 768w, https:\/\/domiolo.com\/kitdigital\/wp-content\/uploads\/2022\/01\/Ahorra-tiempo-costes-Kit-Digital-1536x330.jpg 1536w, https:\/\/domiolo.com\/kitdigital\/wp-content\/uploads\/2022\/01\/Ahorra-tiempo-costes-Kit-Digital-1200x258.jpg 1200w, https:\/\/domiolo.com\/kitdigital\/wp-content\/uploads\/2022\/01\/Ahorra-tiempo-costes-Kit-Digital.jpg 1653w\" sizes=\"(max-width: 1024px) 100vw, 1024px\" \/><\/figure>\n\n\n\n<div class=\"wp-block-columns\">\n<div class=\"wp-block-column\">\n<h5 style=\"font-size:16px\">* <strong>Nota sobre precios: Todos los precios son orientativos al tratarse siempre de trabajos o proyectos a medida. De este modo son susceptibles de variar o ajustarse en funci\u00f3n de la cantidad de trabajo o tiempo que puedan requerir.<\/strong><\/h5>\n<\/div>\n<\/div>\n\n\n\n<hr class=\"wp-block-separator alignfull is-style-default\"\/>\n\n\n\n<div class=\"wp-block-columns alignfull\">\n<div class=\"wp-block-column\" style=\"flex-basis:100%\">\n<div class=\"wp-block-columns alignfull\">\n<div class=\"wp-block-column\" style=\"flex-basis:100%\">\n<div class=\"wp-block-columns\">\n<div class=\"wp-block-column\">\n<div class=\"wp-block-image\"><figure class=\"aligncenter size-full\"><img loading=\"lazy\" width=\"1100\" height=\"128\" src=\"https:\/\/domiolo.com\/kitdigital\/wp-content\/uploads\/2022\/01\/logos-gobierno-red-es-kit-digital-financiado-union-europea-2.jpg\" alt=\"logos-gobierno-red-es-kit-digital-financiado-union-europea\" class=\"wp-image-115\" srcset=\"https:\/\/domiolo.com\/kitdigital\/wp-content\/uploads\/2022\/01\/logos-gobierno-red-es-kit-digital-financiado-union-europea-2.jpg 1100w, https:\/\/domiolo.com\/kitdigital\/wp-content\/uploads\/2022\/01\/logos-gobierno-red-es-kit-digital-financiado-union-europea-2-300x35.jpg 300w, https:\/\/domiolo.com\/kitdigital\/wp-content\/uploads\/2022\/01\/logos-gobierno-red-es-kit-digital-financiado-union-europea-2-1024x119.jpg 1024w, https:\/\/domiolo.com\/kitdigital\/wp-content\/uploads\/2022\/01\/logos-gobierno-red-es-kit-digital-financiado-union-europea-2-768x89.jpg 768w\" sizes=\"(max-width: 1100px) 100vw, 1100px\" \/><\/figure><\/div>\n<\/div>\n<\/div>\n<\/div>\n<\/div>\n<\/div>\n<\/div>\n\n\n\n<hr class=\"wp-block-separator alignfull is-style-default\"\/>\n\n\n\n<div class=\"wp-block-columns\">\n<div class=\"wp-block-column\">\n<h3>DOMIOLO<\/h3>\n\n\n\n<h5>Dise\u00f1o, comunicaci\u00f3n y marketing a medida para empresas, organismos e instituciones.<\/h5>\n<\/div>\n\n\n\n<div class=\"wp-block-column\">\n<h3>CONTACTO<\/h3>\n\n\n\n<h5 class=\"has-normal-font-size\">E-mail: <a href=\"mailto:domiolo@domiolo.com\" target=\"_blank\" rel=\"noreferrer noopener\">domiolo@domiolo.com<\/a> <\/h5>\n\n\n\n<h5 class=\"has-normal-font-size\">Tel.+34 691 983 872.<\/h5>\n\n\n\n<h5 class=\"has-normal-font-size\">Apdo. de Correos 21. 36995 Poio, Pontevedra. Espa\u00f1a.<\/h5>\n\n\n\n<h5 class=\"has-normal-font-size\"><a href=\"https:\/\/domiolo.com\/\">www.domiolo.com<\/a> <\/h5>\n\n\n\n<p><\/p>\n<\/div>\n<\/div>\n\n\n\n<p><\/p>\n","protected":false},"excerpt":{"rendered":"<p>Ayudas Econ\u00f3micas para la Transformaci\u00f3n Digital \u00bfC\u00f3mo? Con ayudas econ\u00f3micas (bono digital) que permiten acceder a un gran cat\u00e1logo de soluciones digitales y a agentes digitalizadores que ofrecen estos servicios. Tu Empresa puede ser una de ellas M\u00c1S INFORMACI\u00d3N EN&nbsp;WWW.ACELERAPYME.ES&nbsp;O EN EL TEL\u00c9FONO 900 909 001. Un programa del Ministerio de Asuntos Econ\u00f3micos y&nbsp;Transformaci\u00f3n Digital [&hellip;]<\/p>\n","protected":false},"author":1,"featured_media":0,"parent":0,"menu_order":0,"comment_status":"closed","ping_status":"closed","template":"","meta":[],"_links":{"self":[{"href":"https:\/\/domiolo.com\/kitdigital\/index.php\/wp-json\/wp\/v2\/pages\/7"}],"collection":[{"href":"https:\/\/domiolo.com\/kitdigital\/index.php\/wp-json\/wp\/v2\/pages"}],"about":[{"href":"https:\/\/domiolo.com\/kitdigital\/index.php\/wp-json\/wp\/v2\/types\/page"}],"author":[{"embeddable":true,"href":"https:\/\/domiolo.com\/kitdigital\/index.php\/wp-json\/wp\/v2\/users\/1"}],"replies":[{"embeddable":true,"href":"https:\/\/domiolo.com\/kitdigital\/index.php\/wp-json\/wp\/v2\/comments?post=7"}],"version-history":[{"count":34,"href":"https:\/\/domiolo.com\/kitdigital\/index.php\/wp-json\/wp\/v2\/pages\/7\/revisions"}],"predecessor-version":[{"id":127,"href":"https:\/\/domiolo.com\/kitdigital\/index.php\/wp-json\/wp\/v2\/pages\/7\/revisions\/127"}],"wp:attachment":[{"href":"https:\/\/domiolo.com\/kitdigital\/index.php\/wp-json\/wp\/v2\/media?parent=7"}],"curies":[{"name":"wp","href":"https:\/\/api.w.org\/{rel}","templated":true}]}}